{"id":461,"date":"2026-05-07T14:20:51","date_gmt":"2026-05-07T14:20:51","guid":{"rendered":"https:\/\/rankea.one\/dimatech\/?post_type=product&#038;p=461"},"modified":"2026-05-14T17:03:37","modified_gmt":"2026-05-14T17:03:37","slug":"membrana-liquida-ormiflex-20-kg-acrilica","status":"publish","type":"product","link":"https:\/\/rankea.one\/dimatech\/producto\/membrana-liquida-ormiflex-20-kg-acrilica\/","title":{"rendered":"Membrana L\u00edquida Ormiflex  20 kg Acrilica"},"content":{"rendered":"<p data-start=\"256\" data-end=\"361\">Membrana l\u00edquida acr\u00edlica Ormiflex de 20 kg, impermeable, el\u00e1stica y resistente a los agentes clim\u00e1ticos.<\/p>\n<p data-start=\"363\" data-end=\"601\">Est\u00e1 pensada para proteger techos y terrazas, reparar techados acr\u00edlicos existentes y reforzar la vida \u00fatil de membranas con geotextil. Tambi\u00e9n puede aplicarse sobre membranas con aluminio envejecido.<\/p>\n<h3 data-section-id=\"1gyexzw\" data-start=\"603\" data-end=\"624\">Usos recomendados<\/h3>\n<ul data-start=\"626\" data-end=\"812\">\n<li data-section-id=\"o092td\" data-start=\"626\" data-end=\"646\">Techos y terrazas.<\/li>\n<li data-section-id=\"1w58xme\" data-start=\"647\" data-end=\"687\">Superficies con o sin tr\u00e1nsito normal.<\/li>\n<li data-section-id=\"d75rnl\" data-start=\"688\" data-end=\"723\">Reparaci\u00f3n de techados acr\u00edlicos.<\/li>\n<li data-section-id=\"1leku7a\" data-start=\"724\" data-end=\"771\">Pintado de membranas con aluminio envejecido.<\/li>\n<li data-section-id=\"120ifrk\" data-start=\"772\" data-end=\"812\">Protecci\u00f3n de membranas con geotextil.<\/li>\n<\/ul>\n<h3 data-section-id=\"1bgmaqf\" data-start=\"814\" data-end=\"840\">Beneficios principales<\/h3>\n<ul data-start=\"842\" data-end=\"1002\">\n<li data-section-id=\"1o5wr16\" data-start=\"842\" data-end=\"867\">Impermeable y el\u00e1stica.<\/li>\n<li data-section-id=\"1mlqehd\" data-start=\"868\" data-end=\"890\">Resistente al clima.<\/li>\n<li data-section-id=\"mssirf\" data-start=\"891\" data-end=\"919\">Apta para tr\u00e1nsito normal.<\/li>\n<li data-section-id=\"1rl7pf6\" data-start=\"920\" data-end=\"968\">Disponible en blanco, verde, terracota y gris.<\/li>\n<li data-section-id=\"bs4hht\" data-start=\"969\" data-end=\"1002\">Presentaci\u00f3n en balde de 20 kg.<\/li>\n<\/ul>\n<h3 data-section-id=\"heggwk\" data-start=\"1004\" data-end=\"1021\">FICHA TECNICA<\/h3>\n<p data-start=\"1023\" data-end=\"1053\"><a href=\"https:\/\/ormiflex.com.ar\/wp-content\/uploads\/2025\/10\/MEMBRANA-LIQUIDA-ACRILICA-ORMIFLEX-1.pdf\" target=\"_blank\" rel=\"noopener\">Ver ficha t\u00e9cnica del producto<\/a><\/p>\n","protected":false},"excerpt":{"rendered":"<p>Abonando por dep\u00f3sito o transferencia<\/p>\n<h5><strong>$166.000 \ud83d\udcb3 3 y 6 Cuotas sin interes<\/strong><\/h5>\n<p data-start=\"88\" data-end=\"215\">Membrana l\u00edquida acr\u00edlica impermeable y el\u00e1stica, ideal para proteger techos, terrazas y superficies expuestas. Balde de 20 kg.<\/p>\n","protected":false},"featured_media":463,"comment_status":"closed","ping_status":"closed","template":"","meta":{"_kad_post_transparent":"default","_kad_post_title":"","_kad_post_layout":"default","_kad_post_sidebar_id":"","_kad_post_content_style":"default","_kad_post_vertical_padding":"default","_kad_post_feature":"","_kad_post_feature_position":"","_kad_post_header":false,"_kad_post_footer":false,"_kad_post_classname":"","_joinchat":[]},"product_brand":[],"product_cat":[18],"product_tag":[],"class_list":{"0":"post-461","1":"product","2":"type-product","3":"status-publish","4":"has-post-thumbnail","6":"product_cat-membrana-liquida","8":"first","9":"instock","10":"shipping-taxable","11":"purchasable","12":"product-type-variable","13":"entry","14":"content-bg","15":"loop-entry"},"yoast_head":"<!-- This site is optimized with the Yoast SEO plugin v27.4 - https:\/\/yoast.com\/product\/yoast-seo-wordpress\/ -->\n<title>Membrana L\u00edquida Ormiflex 20 kg Acrilica - Dimatech<\/title>\n<meta name=\"robots\" content=\"noindex, follow, max-snippet:-1, max-image-preview:large, max-video-preview:-1\" \/>\n<meta property=\"og:locale\" content=\"es_ES\" \/>\n<meta property=\"og:type\" content=\"article\" \/>\n<meta property=\"og:title\" content=\"Membrana L\u00edquida Ormiflex 20 kg Acrilica - Dimatech\" \/>\n<meta property=\"og:description\" content=\"Abonando por dep\u00f3sito o transferencia $166.000 \ud83d\udcb3 3 y 6 Cuotas sin interes Membrana l\u00edquida acr\u00edlica impermeable y el\u00e1stica, ideal para proteger techos, terrazas y superficies expuestas. Balde de 20 kg.\" \/>\n<meta property=\"og:url\" content=\"https:\/\/rankea.one\/dimatech\/producto\/membrana-liquida-ormiflex-20-kg-acrilica\/\" \/>\n<meta property=\"og:site_name\" content=\"Dimatech\" \/>\n<meta property=\"article:modified_time\" content=\"2026-05-14T17:03:37+00:00\" \/>\n<meta property=\"og:image\" content=\"http:\/\/rankea.one\/dimatech\/wp-content\/uploads\/Membrana-Liquida-Ormiflex-20-kg-Acrilica.jpg\" \/>\n\t<meta property=\"og:image:width\" content=\"800\" \/>\n\t<meta property=\"og:image:height\" content=\"600\" \/>\n\t<meta property=\"og:image:type\" content=\"image\/jpeg\" \/>\n<meta name=\"twitter:card\" content=\"summary_large_image\" \/>\n<meta name=\"twitter:label1\" content=\"Tiempo de lectura\" \/>\n\t<meta name=\"twitter:data1\" content=\"1 minuto\" \/>\n<script type=\"application\/ld+json\" class=\"yoast-schema-graph\">{\"@context\":\"https:\\\/\\\/schema.org\",\"@graph\":[{\"@type\":\"WebPage\",\"@id\":\"https:\\\/\\\/rankea.one\\\/dimatech\\\/producto\\\/membrana-liquida-ormiflex-20-kg-acrilica\\\/\",\"url\":\"https:\\\/\\\/rankea.one\\\/dimatech\\\/producto\\\/membrana-liquida-ormiflex-20-kg-acrilica\\\/\",\"name\":\"Membrana L\u00edquida Ormiflex 20 kg Acrilica - Dimatech\",\"isPartOf\":{\"@id\":\"https:\\\/\\\/rankea.one\\\/dimatech\\\/#website\"},\"primaryImageOfPage\":{\"@id\":\"https:\\\/\\\/rankea.one\\\/dimatech\\\/producto\\\/membrana-liquida-ormiflex-20-kg-acrilica\\\/#primaryimage\"},\"image\":{\"@id\":\"https:\\\/\\\/rankea.one\\\/dimatech\\\/producto\\\/membrana-liquida-ormiflex-20-kg-acrilica\\\/#primaryimage\"},\"thumbnailUrl\":\"https:\\\/\\\/rankea.one\\\/dimatech\\\/wp-content\\\/uploads\\\/Membrana-Liquida-Ormiflex-20-kg-Acrilica.jpg\",\"datePublished\":\"2026-05-07T14:20:51+00:00\",\"dateModified\":\"2026-05-14T17:03:37+00:00\",\"breadcrumb\":{\"@id\":\"https:\\\/\\\/rankea.one\\\/dimatech\\\/producto\\\/membrana-liquida-ormiflex-20-kg-acrilica\\\/#breadcrumb\"},\"inLanguage\":\"es\",\"potentialAction\":[{\"@type\":\"ReadAction\",\"target\":[\"https:\\\/\\\/rankea.one\\\/dimatech\\\/producto\\\/membrana-liquida-ormiflex-20-kg-acrilica\\\/\"]}]},{\"@type\":\"ImageObject\",\"inLanguage\":\"es\",\"@id\":\"https:\\\/\\\/rankea.one\\\/dimatech\\\/producto\\\/membrana-liquida-ormiflex-20-kg-acrilica\\\/#primaryimage\",\"url\":\"https:\\\/\\\/rankea.one\\\/dimatech\\\/wp-content\\\/uploads\\\/Membrana-Liquida-Ormiflex-20-kg-Acrilica.jpg\",\"contentUrl\":\"https:\\\/\\\/rankea.one\\\/dimatech\\\/wp-content\\\/uploads\\\/Membrana-Liquida-Ormiflex-20-kg-Acrilica.jpg\",\"width\":800,\"height\":600},{\"@type\":\"BreadcrumbList\",\"@id\":\"https:\\\/\\\/rankea.one\\\/dimatech\\\/producto\\\/membrana-liquida-ormiflex-20-kg-acrilica\\\/#breadcrumb\",\"itemListElement\":[{\"@type\":\"ListItem\",\"position\":1,\"name\":\"Portada\",\"item\":\"https:\\\/\\\/rankea.one\\\/dimatech\\\/\"},{\"@type\":\"ListItem\",\"position\":2,\"name\":\"Tienda\",\"item\":\"https:\\\/\\\/rankea.one\\\/dimatech\\\/tienda\\\/\"},{\"@type\":\"ListItem\",\"position\":3,\"name\":\"Membrana L\u00edquida Ormiflex 20 kg Acrilica\"}]},{\"@type\":\"WebSite\",\"@id\":\"https:\\\/\\\/rankea.one\\\/dimatech\\\/#website\",\"url\":\"https:\\\/\\\/rankea.one\\\/dimatech\\\/\",\"name\":\"Dimatech\",\"description\":\"Venta y colocaci\u00f3n de membranas\",\"publisher\":{\"@id\":\"https:\\\/\\\/rankea.one\\\/dimatech\\\/#organization\"},\"potentialAction\":[{\"@type\":\"SearchAction\",\"target\":{\"@type\":\"EntryPoint\",\"urlTemplate\":\"https:\\\/\\\/rankea.one\\\/dimatech\\\/?s={search_term_string}\"},\"query-input\":{\"@type\":\"PropertyValueSpecification\",\"valueRequired\":true,\"valueName\":\"search_term_string\"}}],\"inLanguage\":\"es\"},{\"@type\":\"Organization\",\"@id\":\"https:\\\/\\\/rankea.one\\\/dimatech\\\/#organization\",\"name\":\"Dimatech\",\"url\":\"https:\\\/\\\/rankea.one\\\/dimatech\\\/\",\"logo\":{\"@type\":\"ImageObject\",\"inLanguage\":\"es\",\"@id\":\"https:\\\/\\\/rankea.one\\\/dimatech\\\/#\\\/schema\\\/logo\\\/image\\\/\",\"url\":\"https:\\\/\\\/rankea.one\\\/dimatech\\\/wp-content\\\/uploads\\\/Dimatech-logo.png\",\"contentUrl\":\"https:\\\/\\\/rankea.one\\\/dimatech\\\/wp-content\\\/uploads\\\/Dimatech-logo.png\",\"width\":996,\"height\":219,\"caption\":\"Dimatech\"},\"image\":{\"@id\":\"https:\\\/\\\/rankea.one\\\/dimatech\\\/#\\\/schema\\\/logo\\\/image\\\/\"}}]}<\/script>\n<!-- \/ Yoast SEO plugin. -->","yoast_head_json":{"title":"Membrana L\u00edquida Ormiflex 20 kg Acrilica - Dimatech","robots":{"index":"noindex","follow":"follow","max-snippet":"max-snippet:-1","max-image-preview":"max-image-preview:large","max-video-preview":"max-video-preview:-1"},"og_locale":"es_ES","og_type":"article","og_title":"Membrana L\u00edquida Ormiflex 20 kg Acrilica - Dimatech","og_description":"Abonando por dep\u00f3sito o transferencia $166.000 \ud83d\udcb3 3 y 6 Cuotas sin interes Membrana l\u00edquida acr\u00edlica impermeable y el\u00e1stica, ideal para proteger techos, terrazas y superficies expuestas. Balde de 20 kg.","og_url":"https:\/\/rankea.one\/dimatech\/producto\/membrana-liquida-ormiflex-20-kg-acrilica\/","og_site_name":"Dimatech","article_modified_time":"2026-05-14T17:03:37+00:00","og_image":[{"width":800,"height":600,"url":"http:\/\/rankea.one\/dimatech\/wp-content\/uploads\/Membrana-Liquida-Ormiflex-20-kg-Acrilica.jpg","type":"image\/jpeg"}],"twitter_card":"summary_large_image","twitter_misc":{"Tiempo de lectura":"1 minuto"},"schema":{"@context":"https:\/\/schema.org","@graph":[{"@type":"WebPage","@id":"https:\/\/rankea.one\/dimatech\/producto\/membrana-liquida-ormiflex-20-kg-acrilica\/","url":"https:\/\/rankea.one\/dimatech\/producto\/membrana-liquida-ormiflex-20-kg-acrilica\/","name":"Membrana L\u00edquida Ormiflex 20 kg Acrilica - Dimatech","isPartOf":{"@id":"https:\/\/rankea.one\/dimatech\/#website"},"primaryImageOfPage":{"@id":"https:\/\/rankea.one\/dimatech\/producto\/membrana-liquida-ormiflex-20-kg-acrilica\/#primaryimage"},"image":{"@id":"https:\/\/rankea.one\/dimatech\/producto\/membrana-liquida-ormiflex-20-kg-acrilica\/#primaryimage"},"thumbnailUrl":"https:\/\/rankea.one\/dimatech\/wp-content\/uploads\/Membrana-Liquida-Ormiflex-20-kg-Acrilica.jpg","datePublished":"2026-05-07T14:20:51+00:00","dateModified":"2026-05-14T17:03:37+00:00","breadcrumb":{"@id":"https:\/\/rankea.one\/dimatech\/producto\/membrana-liquida-ormiflex-20-kg-acrilica\/#breadcrumb"},"inLanguage":"es","potentialAction":[{"@type":"ReadAction","target":["https:\/\/rankea.one\/dimatech\/producto\/membrana-liquida-ormiflex-20-kg-acrilica\/"]}]},{"@type":"ImageObject","inLanguage":"es","@id":"https:\/\/rankea.one\/dimatech\/producto\/membrana-liquida-ormiflex-20-kg-acrilica\/#primaryimage","url":"https:\/\/rankea.one\/dimatech\/wp-content\/uploads\/Membrana-Liquida-Ormiflex-20-kg-Acrilica.jpg","contentUrl":"https:\/\/rankea.one\/dimatech\/wp-content\/uploads\/Membrana-Liquida-Ormiflex-20-kg-Acrilica.jpg","width":800,"height":600},{"@type":"BreadcrumbList","@id":"https:\/\/rankea.one\/dimatech\/producto\/membrana-liquida-ormiflex-20-kg-acrilica\/#breadcrumb","itemListElement":[{"@type":"ListItem","position":1,"name":"Portada","item":"https:\/\/rankea.one\/dimatech\/"},{"@type":"ListItem","position":2,"name":"Tienda","item":"https:\/\/rankea.one\/dimatech\/tienda\/"},{"@type":"ListItem","position":3,"name":"Membrana L\u00edquida Ormiflex 20 kg Acrilica"}]},{"@type":"WebSite","@id":"https:\/\/rankea.one\/dimatech\/#website","url":"https:\/\/rankea.one\/dimatech\/","name":"Dimatech","description":"Venta y colocaci\u00f3n de membranas","publisher":{"@id":"https:\/\/rankea.one\/dimatech\/#organization"},"potentialAction":[{"@type":"SearchAction","target":{"@type":"EntryPoint","urlTemplate":"https:\/\/rankea.one\/dimatech\/?s={search_term_string}"},"query-input":{"@type":"PropertyValueSpecification","valueRequired":true,"valueName":"search_term_string"}}],"inLanguage":"es"},{"@type":"Organization","@id":"https:\/\/rankea.one\/dimatech\/#organization","name":"Dimatech","url":"https:\/\/rankea.one\/dimatech\/","logo":{"@type":"ImageObject","inLanguage":"es","@id":"https:\/\/rankea.one\/dimatech\/#\/schema\/logo\/image\/","url":"https:\/\/rankea.one\/dimatech\/wp-content\/uploads\/Dimatech-logo.png","contentUrl":"https:\/\/rankea.one\/dimatech\/wp-content\/uploads\/Dimatech-logo.png","width":996,"height":219,"caption":"Dimatech"},"image":{"@id":"https:\/\/rankea.one\/dimatech\/#\/schema\/logo\/image\/"}}]}},"_links":{"self":[{"href":"https:\/\/rankea.one\/dimatech\/wp-json\/wp\/v2\/product\/461","targetHints":{"allow":["GET"]}}],"collection":[{"href":"https:\/\/rankea.one\/dimatech\/wp-json\/wp\/v2\/product"}],"about":[{"href":"https:\/\/rankea.one\/dimatech\/wp-json\/wp\/v2\/types\/product"}],"replies":[{"embeddable":true,"href":"https:\/\/rankea.one\/dimatech\/wp-json\/wp\/v2\/comments?post=461"}],"wp:featuredmedia":[{"embeddable":true,"href":"https:\/\/rankea.one\/dimatech\/wp-json\/wp\/v2\/media\/463"}],"wp:attachment":[{"href":"https:\/\/rankea.one\/dimatech\/wp-json\/wp\/v2\/media?parent=461"}],"wp:term":[{"taxonomy":"product_brand","embeddable":true,"href":"https:\/\/rankea.one\/dimatech\/wp-json\/wp\/v2\/product_brand?post=461"},{"taxonomy":"product_cat","embeddable":true,"href":"https:\/\/rankea.one\/dimatech\/wp-json\/wp\/v2\/product_cat?post=461"},{"taxonomy":"product_tag","embeddable":true,"href":"https:\/\/rankea.one\/dimatech\/wp-json\/wp\/v2\/product_tag?post=461"}],"curies":[{"name":"wp","href":"https:\/\/api.w.org\/{rel}","templated":true}]}}